{"id":27886,"date":"2022-01-22T08:06:28","date_gmt":"2022-01-22T11:06:28","guid":{"rendered":"https:\/\/ciudadelaverde.com.co\/?page_id=27886"},"modified":"2022-04-29T23:21:17","modified_gmt":"2022-04-30T02:21:17","slug":"certificaciones","status":"publish","type":"page","link":"https:\/\/ciudadelaverde.com.co\/?page_id=27886","title":{"rendered":"Certificaciones"},"content":{"rendered":"\t\t<div data-elementor-type=\"wp-page\" data-elementor-id=\"27886\" class=\"elementor elementor-27886\">\n\t\t\t\t\t\t<section class=\"elementor-section elementor-top-section elementor-element elementor-element-6094b8b elementor-section-boxed elementor-section-height-default elementor-section-height-default\" data-id=\"6094b8b\" data-element_type=\"section\">\n\t\t\t\t\t\t<div class=\"elementor-container elementor-column-gap-default\">\n\t\t\t\t\t<div class=\"elementor-column elementor-col-100 elementor-top-column elementor-element elementor-element-272d215\" data-id=\"272d215\" data-element_type=\"column\">\n\t\t\t<div class=\"elementor-widget-wrap elementor-element-populated\">\n\t\t\t\t\t\t<div class=\"elementor-element elementor-element-9427335 elementor-align-center elementor-widget elementor-widget-heading\" data-id=\"9427335\" data-element_type=\"widget\" data-widget_type=\"heading.default\">\n\t\t\t\t<div class=\"elementor-widget-container\">\n\t\t\t\t\t<span class=\"sub-title\">Nuestro proyecto ciudadela verde cuenta con la<\/span><h1 class=\"elementor-heading-title elementor-size-default\">Certificaci\u00f3n Edge<\/h1>\t\t\t\t<\/div>\n\t\t\t\t<\/div>\n\t\t\t\t<div class=\"elementor-element elementor-element-9efe053 elementor-widget elementor-widget-spacer\" data-id=\"9efe053\" data-element_type=\"widget\" data-widget_type=\"spacer.default\">\n\t\t\t\t<div class=\"elementor-widget-container\">\n\t\t\t\t\t\t\t<div class=\"elementor-spacer\">\n\t\t\t<div class=\"elementor-spacer-inner\"><\/div>\n\t\t<\/div>\n\t\t\t\t\t\t<\/div>\n\t\t\t\t<\/div>\n\t\t\t\t\t<\/div>\n\t\t<\/div>\n\t\t\t\t\t<\/div>\n\t\t<\/section>\n\t\t\t\t<section class=\"elementor-section elementor-top-section elementor-element elementor-element-58a5f9a elementor-section-content-middle elementor-section-boxed elementor-section-height-default elementor-section-height-default\" data-id=\"58a5f9a\" data-element_type=\"section\">\n\t\t\t\t\t\t<div class=\"elementor-container elementor-column-gap-default\">\n\t\t\t\t\t<div class=\"elementor-column elementor-col-50 elementor-top-column elementor-element elementor-element-10a03ba\" data-id=\"10a03ba\" data-element_type=\"column\">\n\t\t\t<div class=\"elementor-widget-wrap elementor-element-populated\">\n\t\t\t\t\t\t<div class=\"elementor-element elementor-element-27b56c5 elementor-widget elementor-widget-image\" data-id=\"27b56c5\" data-element_type=\"widget\" data-widget_type=\"image.default\">\n\t\t\t\t<div class=\"elementor-widget-container\">\n\t\t\t\t\t\t\t\t\t\t\t\t\t\t\t\t<a href=\"https:\/\/edgebuildings.com\/project-studies\/ciudadela-verde\/\">\n\t\t\t\t\t\t\t<img fetchpriority=\"high\" decoding=\"async\" width=\"950\" height=\"950\" src=\"https:\/\/ciudadelaverde.com.co\/wp-content\/uploads\/2022\/04\/EDGE.png\" class=\"attachment-full size-full wp-image-27952\" alt=\"\" srcset=\"https:\/\/ciudadelaverde.com.co\/wp-content\/uploads\/2022\/04\/EDGE.png 950w, https:\/\/ciudadelaverde.com.co\/wp-content\/uploads\/2022\/04\/EDGE-300x300.png 300w, https:\/\/ciudadelaverde.com.co\/wp-content\/uploads\/2022\/04\/EDGE-150x150.png 150w, https:\/\/ciudadelaverde.com.co\/wp-content\/uploads\/2022\/04\/EDGE-768x768.png 768w, https:\/\/ciudadelaverde.com.co\/wp-content\/uploads\/2022\/04\/EDGE-400x400.png 400w, https:\/\/ciudadelaverde.com.co\/wp-content\/uploads\/2022\/04\/EDGE-100x100.png 100w\" sizes=\"(max-width: 950px) 100vw, 950px\" \/>\t\t\t\t\t\t\t\t<\/a>\n\t\t\t\t\t\t\t\t\t\t\t\t\t\t\t<\/div>\n\t\t\t\t<\/div>\n\t\t\t\t\t<\/div>\n\t\t<\/div>\n\t\t\t\t<div class=\"elementor-column elementor-col-50 elementor-top-column elementor-element elementor-element-bb334be\" data-id=\"bb334be\" data-element_type=\"column\">\n\t\t\t<div class=\"elementor-widget-wrap elementor-element-populated\">\n\t\t\t\t\t\t<div class=\"elementor-element elementor-element-b644546 elementor-widget elementor-widget-text-editor\" data-id=\"b644546\" data-element_type=\"widget\" data-widget_type=\"text-editor.default\">\n\t\t\t\t<div class=\"elementor-widget-container\">\n\t\t\t\t\t        <div class=\"elementor-text-editor elementor-clearfix\"><p>La certificaci\u00f3n EDGE, es una certificaci\u00f3n que se brinda a las construcciones que garanticen que su proyecto ha sido dise\u00f1ado para reducir por lo menos en un 20% el consumo de energ\u00eda, agua y energ\u00eda incorporada en los materiales.<\/p><\/div>\n        \t\t\t\t<\/div>\n\t\t\t\t<\/div>\n\t\t\t\t\t<\/div>\n\t\t<\/div>\n\t\t\t\t\t<\/div>\n\t\t<\/section>\n\t\t\t\t<section class=\"elementor-section elementor-top-section elementor-element elementor-element-d665d8b elementor-section-boxed elementor-section-height-default elementor-section-height-default\" data-id=\"d665d8b\" data-element_type=\"section\">\n\t\t\t\t\t\t<div class=\"elementor-container elementor-column-gap-default\">\n\t\t\t\t\t<div class=\"elementor-column elementor-col-100 elementor-top-column elementor-element elementor-element-0c03495\" data-id=\"0c03495\" data-element_type=\"column\">\n\t\t\t<div class=\"elementor-widget-wrap elementor-element-populated\">\n\t\t\t\t\t\t<div class=\"elementor-element elementor-element-cfbd2aa elementor-widget elementor-widget-spacer\" data-id=\"cfbd2aa\" data-element_type=\"widget\" data-widget_type=\"spacer.default\">\n\t\t\t\t<div class=\"elementor-widget-container\">\n\t\t\t\t\t\t\t<div class=\"elementor-spacer\">\n\t\t\t<div class=\"elementor-spacer-inner\"><\/div>\n\t\t<\/div>\n\t\t\t\t\t\t<\/div>\n\t\t\t\t<\/div>\n\t\t\t\t\t<\/div>\n\t\t<\/div>\n\t\t\t\t\t<\/div>\n\t\t<\/section>\n\t\t\t\t<section class=\"elementor-section elementor-top-section elementor-element elementor-element-ef50066 elementor-section-boxed elementor-section-height-default elementor-section-height-default\" data-id=\"ef50066\" data-element_type=\"section\">\n\t\t\t\t\t\t<div class=\"elementor-container elementor-column-gap-default\">\n\t\t\t\t\t<div class=\"elementor-column elementor-col-50 elementor-top-column elementor-element elementor-element-b91c213\" data-id=\"b91c213\" data-element_type=\"column\">\n\t\t\t<div class=\"elementor-widget-wrap elementor-element-populated\">\n\t\t\t\t\t\t<div class=\"elementor-element elementor-element-8d79dc1 elementor-widget elementor-widget-heading\" data-id=\"8d79dc1\" data-element_type=\"widget\" data-widget_type=\"heading.default\">\n\t\t\t\t<div class=\"elementor-widget-container\">\n\t\t\t\t\t<h1 class=\"elementor-heading-title elementor-size-large\">Ciudadela Verde<\/h1>\t\t\t\t<\/div>\n\t\t\t\t<\/div>\n\t\t\t\t<div class=\"elementor-element elementor-element-3b0efd6 elementor-widget elementor-widget-text-editor\" data-id=\"3b0efd6\" data-element_type=\"widget\" data-widget_type=\"text-editor.default\">\n\t\t\t\t<div class=\"elementor-widget-container\">\n\t\t\t\t\t        <div class=\"elementor-text-editor elementor-clearfix\"><p>Bucaramanga &#8211; Colombia<\/p><\/div>\n        \t\t\t\t<\/div>\n\t\t\t\t<\/div>\n\t\t\t\t<section class=\"elementor-section elementor-inner-section elementor-element elementor-element-c578102 elementor-section-boxed elementor-section-height-default elementor-section-height-default\" data-id=\"c578102\" data-element_type=\"section\">\n\t\t\t\t\t\t<div class=\"elementor-container elementor-column-gap-default\">\n\t\t\t\t\t<div class=\"elementor-column elementor-col-33 elementor-inner-column elementor-element elementor-element-ad91387\" data-id=\"ad91387\" data-element_type=\"column\">\n\t\t\t<div class=\"elementor-widget-wrap elementor-element-populated\">\n\t\t\t\t\t\t<div class=\"elementor-element elementor-element-55d09a9 elementor-view-default elementor-widget elementor-widget-icon\" data-id=\"55d09a9\" data-element_type=\"widget\" data-widget_type=\"icon.default\">\n\t\t\t\t<div class=\"elementor-widget-container\">\n\t\t\t\t\t\t\t<div class=\"elementor-icon-wrapper\">\n\t\t\t<div class=\"elementor-icon\">\n\t\t\t<i aria-hidden=\"true\" class=\"fas fa-burn\"><\/i>\t\t\t<\/div>\n\t\t<\/div>\n\t\t\t\t\t\t<\/div>\n\t\t\t\t<\/div>\n\t\t\t\t<div class=\"elementor-element elementor-element-af17f76 elementor-widget elementor-widget-text-editor\" data-id=\"af17f76\" data-element_type=\"widget\" data-widget_type=\"text-editor.default\">\n\t\t\t\t<div class=\"elementor-widget-container\">\n\t\t\t\t\t        <div class=\"elementor-text-editor elementor-clearfix\"><p>36%<br \/>Agua<\/p><\/div>\n        \t\t\t\t<\/div>\n\t\t\t\t<\/div>\n\t\t\t\t\t<\/div>\n\t\t<\/div>\n\t\t\t\t<div class=\"elementor-column elementor-col-33 elementor-inner-column elementor-element elementor-element-24cc1f8\" data-id=\"24cc1f8\" data-element_type=\"column\">\n\t\t\t<div class=\"elementor-widget-wrap elementor-element-populated\">\n\t\t\t\t\t\t<div class=\"elementor-element elementor-element-a583f9b elementor-view-default elementor-widget elementor-widget-icon\" data-id=\"a583f9b\" data-element_type=\"widget\" data-widget_type=\"icon.default\">\n\t\t\t\t<div class=\"elementor-widget-container\">\n\t\t\t\t\t\t\t<div class=\"elementor-icon-wrapper\">\n\t\t\t<div class=\"elementor-icon\">\n\t\t\t<i aria-hidden=\"true\" class=\"far fa-lightbulb\"><\/i>\t\t\t<\/div>\n\t\t<\/div>\n\t\t\t\t\t\t<\/div>\n\t\t\t\t<\/div>\n\t\t\t\t<div class=\"elementor-element elementor-element-9d96b63 elementor-widget elementor-widget-text-editor\" data-id=\"9d96b63\" data-element_type=\"widget\" data-widget_type=\"text-editor.default\">\n\t\t\t\t<div class=\"elementor-widget-container\">\n\t\t\t\t\t        <div class=\"elementor-text-editor elementor-clearfix\"><p>33%<br \/>Energ\u00eda<\/p><\/div>\n        \t\t\t\t<\/div>\n\t\t\t\t<\/div>\n\t\t\t\t\t<\/div>\n\t\t<\/div>\n\t\t\t\t<div class=\"elementor-column elementor-col-33 elementor-inner-column elementor-element elementor-element-d8e3208\" data-id=\"d8e3208\" data-element_type=\"column\">\n\t\t\t<div class=\"elementor-widget-wrap elementor-element-populated\">\n\t\t\t\t\t\t<div class=\"elementor-element elementor-element-d26b202 elementor-view-default elementor-widget elementor-widget-icon\" data-id=\"d26b202\" data-element_type=\"widget\" data-widget_type=\"icon.default\">\n\t\t\t\t<div class=\"elementor-widget-container\">\n\t\t\t\t\t\t\t<div class=\"elementor-icon-wrapper\">\n\t\t\t<div class=\"elementor-icon\">\n\t\t\t<i aria-hidden=\"true\" class=\"fas fa-layer-group\"><\/i>\t\t\t<\/div>\n\t\t<\/div>\n\t\t\t\t\t\t<\/div>\n\t\t\t\t<\/div>\n\t\t\t\t<div class=\"elementor-element elementor-element-daa919a elementor-widget elementor-widget-text-editor\" data-id=\"daa919a\" data-element_type=\"widget\" data-widget_type=\"text-editor.default\">\n\t\t\t\t<div class=\"elementor-widget-container\">\n\t\t\t\t\t        <div class=\"elementor-text-editor elementor-clearfix\"><p>50%<br \/>Energ\u00eda Materiales<\/p><\/div>\n        \t\t\t\t<\/div>\n\t\t\t\t<\/div>\n\t\t\t\t\t<\/div>\n\t\t<\/div>\n\t\t\t\t\t<\/div>\n\t\t<\/section>\n\t\t\t\t\t<\/div>\n\t\t<\/div>\n\t\t\t\t<div class=\"elementor-column elementor-col-50 elementor-top-column elementor-element elementor-element-ce8e0d0\" data-id=\"ce8e0d0\" data-element_type=\"column\">\n\t\t\t<div class=\"elementor-widget-wrap elementor-element-populated\">\n\t\t\t\t\t\t<div class=\"elementor-element elementor-element-2be45cf elementor-arrows-position-inside elementor-widget elementor-widget-image-carousel\" data-id=\"2be45cf\" data-element_type=\"widget\" data-settings=\"{&quot;slides_to_show&quot;:&quot;1&quot;,&quot;navigation&quot;:&quot;arrows&quot;,&quot;autoplay&quot;:&quot;yes&quot;,&quot;pause_on_hover&quot;:&quot;yes&quot;,&quot;pause_on_interaction&quot;:&quot;yes&quot;,&quot;autoplay_speed&quot;:5000,&quot;infinite&quot;:&quot;yes&quot;,&quot;effect&quot;:&quot;slide&quot;,&quot;speed&quot;:500}\" data-widget_type=\"image-carousel.default\">\n\t\t\t\t<div class=\"elementor-widget-container\">\n\t\t\t\t\t\t\t<div class=\"elementor-image-carousel-wrapper swiper\" role=\"region\" aria-roledescription=\"carousel\" aria-label=\"Carrusel de im\u00e1genes\" dir=\"ltr\">\n\t\t\t<div class=\"elementor-image-carousel swiper-wrapper\" aria-live=\"off\">\n\t\t\t\t\t\t\t\t<div class=\"swiper-slide\" role=\"group\" aria-roledescription=\"slide\" aria-label=\"1 de 4\"><figure class=\"swiper-slide-inner\"><img decoding=\"async\" class=\"swiper-slide-image\" src=\"https:\/\/ciudadelaverde.com.co\/wp-content\/uploads\/2022\/01\/144-R_Aerea-Zonas-Sociales_v2.jpg\" alt=\"144-R_Aerea Zonas Sociales_v2\" \/><\/figure><\/div><div class=\"swiper-slide\" role=\"group\" aria-roledescription=\"slide\" aria-label=\"2 de 4\"><figure class=\"swiper-slide-inner\"><img decoding=\"async\" class=\"swiper-slide-image\" src=\"https:\/\/ciudadelaverde.com.co\/wp-content\/uploads\/2022\/01\/144-R_Torre_V4.jpg\" alt=\"144-R_Torre_V4\" \/><\/figure><\/div><div class=\"swiper-slide\" role=\"group\" aria-roledescription=\"slide\" aria-label=\"3 de 4\"><figure class=\"swiper-slide-inner\"><img decoding=\"async\" class=\"swiper-slide-image\" src=\"https:\/\/ciudadelaverde.com.co\/wp-content\/uploads\/2022\/01\/144-R_Parqueadero_v5.jpg\" alt=\"144-R_Parqueadero_v5\" \/><\/figure><\/div><div class=\"swiper-slide\" role=\"group\" aria-roledescription=\"slide\" aria-label=\"4 de 4\"><figure class=\"swiper-slide-inner\"><img decoding=\"async\" class=\"swiper-slide-image\" src=\"https:\/\/ciudadelaverde.com.co\/wp-content\/uploads\/2022\/01\/144-R_Reserva-Balcones_v2.jpg\" alt=\"144-R_Reserva Balcones_v2\" \/><\/figure><\/div>\t\t\t<\/div>\n\t\t\t\t\t\t\t\t\t\t\t\t<div class=\"elementor-swiper-button elementor-swiper-button-prev\" role=\"button\" tabindex=\"0\">\n\t\t\t\t\t\t<i aria-hidden=\"true\" class=\"eicon-chevron-left\"><\/i>\t\t\t\t\t<\/div>\n\t\t\t\t\t<div class=\"elementor-swiper-button elementor-swiper-button-next\" role=\"button\" tabindex=\"0\">\n\t\t\t\t\t\t<i aria-hidden=\"true\" class=\"eicon-chevron-right\"><\/i>\t\t\t\t\t<\/div>\n\t\t\t\t\n\t\t\t\t\t\t\t\t\t<\/div>\n\t\t\t\t\t\t<\/div>\n\t\t\t\t<\/div>\n\t\t\t\t\t<\/div>\n\t\t<\/div>\n\t\t\t\t\t<\/div>\n\t\t<\/section>\n\t\t\t\t<\/div>\n\t\t","protected":false},"excerpt":{"rendered":"<p>Nuestro proyecto ciudadela verde cuenta con la Certificaci\u00f3n Edge La certificaci\u00f3n EDGE, es una certificaci\u00f3n que se brinda a las construcciones que garanticen que su proyecto ha sido dise\u00f1ado para reducir por lo menos en un 20% el consumo de energ\u00eda, agua y energ\u00eda incorporada en los materiales. Ciudadela Verde Bucaramanga &#8211; Colombia 36%Agua 33%Energ\u00eda &hellip; <span class=\"more-link-wrap\"><a href=\"https:\/\/ciudadelaverde.com.co\/?page_id=27886\" class=\"more-link\">Read More <span class=\"screen-reader-text\"> &#8220;Certificaciones&#8221;<\/span><\/a><\/span><\/p>\n","protected":false},"author":1,"featured_media":0,"parent":0,"menu_order":0,"comment_status":"closed","ping_status":"closed","template":"","meta":{"inline_featured_image":false,"footnotes":""},"class_list":["post-27886","page","type-page","status-publish","hentry"],"yoast_head":"<!-- This site is optimized with the Yoast SEO plugin v24.6 - https:\/\/yoast.com\/wordpress\/plugins\/seo\/ -->\n<title>Proyectos VIS en Bucaramanga | Ciudadela Verde | Zabdi Bucaramanga<\/title>\n<meta name=\"description\" content=\"Proyectos VIS Bucaramanga Zabdi Desde $131 Millones (Aplica Subsidio VIS) Puedes Tener tu Apartamento | Zabdi Ciudadela Verde en Bucaramanga.\" \/>\n<meta name=\"robots\" content=\"index, follow, max-snippet:-1, max-image-preview:large, max-video-preview:-1\" \/>\n<link rel=\"canonical\" href=\"https:\/\/ciudadelaverde.com.co\/?page_id=27886\" \/>\n<meta property=\"og:locale\" content=\"es_ES\" \/>\n<meta property=\"og:type\" content=\"article\" \/>\n<meta property=\"og:title\" content=\"Proyectos VIS en Bucaramanga | Ciudadela Verde | Zabdi Bucaramanga\" \/>\n<meta property=\"og:description\" content=\"Proyectos VIS Bucaramanga Zabdi Desde $131 Millones (Aplica Subsidio VIS) Puedes Tener tu Apartamento | Zabdi Ciudadela Verde en Bucaramanga.\" \/>\n<meta property=\"og:url\" content=\"https:\/\/ciudadelaverde.com.co\/?page_id=27886\" \/>\n<meta property=\"og:site_name\" content=\"\u25b7 Proyecto Vis Ciudadela Verde en \u2705 Bucaramanga | Apartamentos\" \/>\n<meta property=\"article:modified_time\" content=\"2022-04-30T02:21:17+00:00\" \/>\n<meta property=\"og:image\" content=\"https:\/\/ciudadelaverde.com.co\/wp-content\/uploads\/2022\/04\/EDGE.png\" \/>\n<meta name=\"twitter:card\" content=\"summary_large_image\" \/>\n<meta name=\"twitter:label1\" content=\"Tiempo estimado de lectura\" \/>\n\t<meta name=\"twitter:data1\" content=\"2 minutos\" \/>\n<script type=\"application\/ld+json\" class=\"yoast-schema-graph\">{\"@context\":\"https:\/\/schema.org\",\"@graph\":[{\"@type\":\"WebPage\",\"@id\":\"https:\/\/ciudadelaverde.com.co\/?page_id=27886\",\"url\":\"https:\/\/ciudadelaverde.com.co\/?page_id=27886\",\"name\":\"Proyectos VIS en Bucaramanga | Ciudadela Verde | Zabdi Bucaramanga\",\"isPartOf\":{\"@id\":\"https:\/\/ciudadelaverde.com.co\/#website\"},\"primaryImageOfPage\":{\"@id\":\"https:\/\/ciudadelaverde.com.co\/?page_id=27886#primaryimage\"},\"image\":{\"@id\":\"https:\/\/ciudadelaverde.com.co\/?page_id=27886#primaryimage\"},\"thumbnailUrl\":\"https:\/\/ciudadelaverde.com.co\/wp-content\/uploads\/2022\/04\/EDGE.png\",\"datePublished\":\"2022-01-22T11:06:28+00:00\",\"dateModified\":\"2022-04-30T02:21:17+00:00\",\"description\":\"Proyectos VIS Bucaramanga Zabdi Desde $131 Millones (Aplica Subsidio VIS) Puedes Tener tu Apartamento | Zabdi Ciudadela Verde en Bucaramanga.\",\"breadcrumb\":{\"@id\":\"https:\/\/ciudadelaverde.com.co\/?page_id=27886#breadcrumb\"},\"inLanguage\":\"es-CL\",\"potentialAction\":[{\"@type\":\"ReadAction\",\"target\":[\"https:\/\/ciudadelaverde.com.co\/?page_id=27886\"]}]},{\"@type\":\"ImageObject\",\"inLanguage\":\"es-CL\",\"@id\":\"https:\/\/ciudadelaverde.com.co\/?page_id=27886#primaryimage\",\"url\":\"https:\/\/ciudadelaverde.com.co\/wp-content\/uploads\/2022\/04\/EDGE.png\",\"contentUrl\":\"https:\/\/ciudadelaverde.com.co\/wp-content\/uploads\/2022\/04\/EDGE.png\",\"width\":950,\"height\":950},{\"@type\":\"BreadcrumbList\",\"@id\":\"https:\/\/ciudadelaverde.com.co\/?page_id=27886#breadcrumb\",\"itemListElement\":[{\"@type\":\"ListItem\",\"position\":1,\"name\":\"Portada\",\"item\":\"https:\/\/ciudadelaverde.com.co\/\"},{\"@type\":\"ListItem\",\"position\":2,\"name\":\"Certificaciones\"}]},{\"@type\":\"WebSite\",\"@id\":\"https:\/\/ciudadelaverde.com.co\/#website\",\"url\":\"https:\/\/ciudadelaverde.com.co\/\",\"name\":\"\u25b7 Proyecto Vis Ciudadela Verde en \u2705 Bucaramanga | Apartamentos\",\"description\":\"Ciudadela Verde es calidad de vida\",\"potentialAction\":[{\"@type\":\"SearchAction\",\"target\":{\"@type\":\"EntryPoint\",\"urlTemplate\":\"https:\/\/ciudadelaverde.com.co\/?s={search_term_string}\"},\"query-input\":{\"@type\":\"PropertyValueSpecification\",\"valueRequired\":true,\"valueName\":\"search_term_string\"}}],\"inLanguage\":\"es-CL\"}]}<\/script>\n<!-- \/ Yoast SEO plugin. -->","yoast_head_json":{"title":"Proyectos VIS en Bucaramanga | Ciudadela Verde | Zabdi Bucaramanga","description":"Proyectos VIS Bucaramanga Zabdi Desde $131 Millones (Aplica Subsidio VIS) Puedes Tener tu Apartamento | Zabdi Ciudadela Verde en Bucaramanga.","robots":{"index":"index","follow":"follow","max-snippet":"max-snippet:-1","max-image-preview":"max-image-preview:large","max-video-preview":"max-video-preview:-1"},"canonical":"https:\/\/ciudadelaverde.com.co\/?page_id=27886","og_locale":"es_ES","og_type":"article","og_title":"Proyectos VIS en Bucaramanga | Ciudadela Verde | Zabdi Bucaramanga","og_description":"Proyectos VIS Bucaramanga Zabdi Desde $131 Millones (Aplica Subsidio VIS) Puedes Tener tu Apartamento | Zabdi Ciudadela Verde en Bucaramanga.","og_url":"https:\/\/ciudadelaverde.com.co\/?page_id=27886","og_site_name":"\u25b7 Proyecto Vis Ciudadela Verde en \u2705 Bucaramanga | Apartamentos","article_modified_time":"2022-04-30T02:21:17+00:00","og_image":[{"url":"https:\/\/ciudadelaverde.com.co\/wp-content\/uploads\/2022\/04\/EDGE.png","type":"","width":"","height":""}],"twitter_card":"summary_large_image","twitter_misc":{"Tiempo estimado de lectura":"2 minutos"},"schema":{"@context":"https:\/\/schema.org","@graph":[{"@type":"WebPage","@id":"https:\/\/ciudadelaverde.com.co\/?page_id=27886","url":"https:\/\/ciudadelaverde.com.co\/?page_id=27886","name":"Proyectos VIS en Bucaramanga | Ciudadela Verde | Zabdi Bucaramanga","isPartOf":{"@id":"https:\/\/ciudadelaverde.com.co\/#website"},"primaryImageOfPage":{"@id":"https:\/\/ciudadelaverde.com.co\/?page_id=27886#primaryimage"},"image":{"@id":"https:\/\/ciudadelaverde.com.co\/?page_id=27886#primaryimage"},"thumbnailUrl":"https:\/\/ciudadelaverde.com.co\/wp-content\/uploads\/2022\/04\/EDGE.png","datePublished":"2022-01-22T11:06:28+00:00","dateModified":"2022-04-30T02:21:17+00:00","description":"Proyectos VIS Bucaramanga Zabdi Desde $131 Millones (Aplica Subsidio VIS) Puedes Tener tu Apartamento | Zabdi Ciudadela Verde en Bucaramanga.","breadcrumb":{"@id":"https:\/\/ciudadelaverde.com.co\/?page_id=27886#breadcrumb"},"inLanguage":"es-CL","potentialAction":[{"@type":"ReadAction","target":["https:\/\/ciudadelaverde.com.co\/?page_id=27886"]}]},{"@type":"ImageObject","inLanguage":"es-CL","@id":"https:\/\/ciudadelaverde.com.co\/?page_id=27886#primaryimage","url":"https:\/\/ciudadelaverde.com.co\/wp-content\/uploads\/2022\/04\/EDGE.png","contentUrl":"https:\/\/ciudadelaverde.com.co\/wp-content\/uploads\/2022\/04\/EDGE.png","width":950,"height":950},{"@type":"BreadcrumbList","@id":"https:\/\/ciudadelaverde.com.co\/?page_id=27886#breadcrumb","itemListElement":[{"@type":"ListItem","position":1,"name":"Portada","item":"https:\/\/ciudadelaverde.com.co\/"},{"@type":"ListItem","position":2,"name":"Certificaciones"}]},{"@type":"WebSite","@id":"https:\/\/ciudadelaverde.com.co\/#website","url":"https:\/\/ciudadelaverde.com.co\/","name":"\u25b7 Proyecto Vis Ciudadela Verde en \u2705 Bucaramanga | Apartamentos","description":"Ciudadela Verde es calidad de vida","potentialAction":[{"@type":"SearchAction","target":{"@type":"EntryPoint","urlTemplate":"https:\/\/ciudadelaverde.com.co\/?s={search_term_string}"},"query-input":{"@type":"PropertyValueSpecification","valueRequired":true,"valueName":"search_term_string"}}],"inLanguage":"es-CL"}]}},"_links":{"self":[{"href":"https:\/\/ciudadelaverde.com.co\/index.php?rest_route=\/wp\/v2\/pages\/27886","targetHints":{"allow":["GET"]}}],"collection":[{"href":"https:\/\/ciudadelaverde.com.co\/index.php?rest_route=\/wp\/v2\/pages"}],"about":[{"href":"https:\/\/ciudadelaverde.com.co\/index.php?rest_route=\/wp\/v2\/types\/page"}],"author":[{"embeddable":true,"href":"https:\/\/ciudadelaverde.com.co\/index.php?rest_route=\/wp\/v2\/users\/1"}],"replies":[{"embeddable":true,"href":"https:\/\/ciudadelaverde.com.co\/index.php?rest_route=%2Fwp%2Fv2%2Fcomments&post=27886"}],"version-history":[{"count":13,"href":"https:\/\/ciudadelaverde.com.co\/index.php?rest_route=\/wp\/v2\/pages\/27886\/revisions"}],"predecessor-version":[{"id":27955,"href":"https:\/\/ciudadelaverde.com.co\/index.php?rest_route=\/wp\/v2\/pages\/27886\/revisions\/27955"}],"wp:attachment":[{"href":"https:\/\/ciudadelaverde.com.co\/index.php?rest_route=%2Fwp%2Fv2%2Fmedia&parent=27886"}],"curies":[{"name":"wp","href":"https:\/\/api.w.org\/{rel}","templated":true}]}}